{"id":101,"date":"2024-03-04T21:22:45","date_gmt":"2024-03-04T20:22:45","guid":{"rendered":"https:\/\/sp-czermno.edu.pl\/?page_id=101"},"modified":"2024-03-06T23:18:41","modified_gmt":"2024-03-06T22:18:41","slug":"obwod-szkoly","status":"publish","type":"page","link":"http:\/\/sp-czermno.edu.pl\/?page_id=101","title":{"rendered":"Obw\u00f3d szko\u0142y"},"content":{"rendered":"\n<p><strong>DO OBWODU SZKO\u0141Y NALE\u017b\u0104 MIEJSCOWO\u015aCI:<\/strong><\/p>\n\n\n\n<ol class=\"wp-block-list\">\n<li>CZERMNO<\/li>\n\n\n\n<li>KONSTANTYN\u00d3W<\/li>\n\n\n\n<li>PLEBANKA<\/li>\n\n\n\n<li>PRZEMYS\u0141\u00d3W<\/li>\n\n\n\n<li>STRZEMESZNO<\/li>\n<\/ol>\n","protected":false},"excerpt":{"rendered":"<p>DO OBWODU SZKO\u0141Y NALE\u017b\u0104 MIEJSCOWO\u015aCI:<\/p>\n","protected":false},"author":1,"featured_media":0,"parent":17,"menu_order":2,"comment_status":"closed","ping_status":"closed","template":"","meta":{"footnotes":""},"class_list":["post-101","page","type-page","status-publish","hentry"],"_links":{"self":[{"href":"http:\/\/sp-czermno.edu.pl\/index.php?rest_route=\/wp\/v2\/pages\/101","targetHints":{"allow":["GET"]}}],"collection":[{"href":"http:\/\/sp-czermno.edu.pl\/index.php?rest_route=\/wp\/v2\/pages"}],"about":[{"href":"http:\/\/sp-czermno.edu.pl\/index.php?rest_route=\/wp\/v2\/types\/page"}],"author":[{"embeddable":true,"href":"http:\/\/sp-czermno.edu.pl\/index.php?rest_route=\/wp\/v2\/users\/1"}],"replies":[{"embeddable":true,"href":"http:\/\/sp-czermno.edu.pl\/index.php?rest_route=%2Fwp%2Fv2%2Fcomments&post=101"}],"version-history":[{"count":2,"href":"http:\/\/sp-czermno.edu.pl\/index.php?rest_route=\/wp\/v2\/pages\/101\/revisions"}],"predecessor-version":[{"id":118,"href":"http:\/\/sp-czermno.edu.pl\/index.php?rest_route=\/wp\/v2\/pages\/101\/revisions\/118"}],"up":[{"embeddable":true,"href":"http:\/\/sp-czermno.edu.pl\/index.php?rest_route=\/wp\/v2\/pages\/17"}],"wp:attachment":[{"href":"http:\/\/sp-czermno.edu.pl\/index.php?rest_route=%2Fwp%2Fv2%2Fmedia&parent=101"}],"curies":[{"name":"wp","href":"https:\/\/api.w.org\/{rel}","templated":true}]}}