{"id":103,"date":"2024-03-04T21:23:31","date_gmt":"2024-03-04T20:23:31","guid":{"rendered":"https:\/\/sp-czermno.edu.pl\/?page_id=103"},"modified":"2024-03-06T23:19:48","modified_gmt":"2024-03-06T22:19:48","slug":"izba-regionalna","status":"publish","type":"page","link":"http:\/\/sp-czermno.edu.pl\/?page_id=103","title":{"rendered":"Izba regionalna"},"content":{"rendered":"\n<p>Celem edukacji regionalnej w procesie dydaktyczno \u2013 wychowawczym jest ukszta\u0142towanie w uczniach poczucia w\u0142asnej to\u017csamo\u015bci. Ju\u017c Piotr Skarga pisa\u0142: <em><strong>Kto nie zna historii swojego kraju, swego miasta i wioski, to jakby, swego ojca i matki nie zna\u0142<\/strong><\/em>.<\/p>\n\n\n\n<p>Uczniowie naszej szko\u0142y poznaj\u0105 histori\u0119 miejscowo\u015bci, w kt\u00f3rych mieszkaj\u0105. Ucz\u0105 si\u0119 r\u0119kodzie\u0142a, kt\u00f3re wykonywa\u0142y kiedy\u015b ich prababcie: robi\u0105 bibu\u0142kowe kwiaty, wycinanki, palmy wielkanocne. Poznaj\u0105 zwyczaje ludowe: topienie marzanny, chodzenie po dyngusie, zapusty itp. Aby pom\u00f3c uczniom w poznawaniu historii swojego regionu powsta\u0142 pomys\u0142 utworzenia izby regionalnej. Zrodzi\u0142 si\u0119 on wraz z nadaniem szkole imienia W\u0142adys\u0142awa Stanis\u0142awa Reymonta.<\/p>\n\n\n\n<p><strong><em>Wszystkie strychy otwierajmy \u2013 \u015blad\u00f3w przodk\u00f3w poszukajmy<\/em><\/strong> &#8211; to has\u0142o przy\u015bwieca\u0142o przedsi\u0119wzi\u0119ciu, kt\u00f3rego podj\u0119li si\u0119 nauczyciele, rodzice i uczniowie naszej szko\u0142y. Okaza\u0142o si\u0119, \u017ce strychy gromadz\u0105 prawdziwe skarby. Razem uda\u0142o si\u0119 nam zebra\u0107 wiele eksponat\u00f3w, kt\u00f3re obecnie znajduj\u0105 si\u0119 w szkolnej izbie regionalnej.<\/p>\n\n\n\n<p>W\u015br\u00f3d nich znajduj\u0105 si\u0119 meble: szafa, \u0142\u00f3\u017cko, kolebka, \u0142awa, st\u00f3\u0142, eta\u017cerka, p\u00f3\u0142ki na naczynia, maszyny do szycia. Znajduj\u0105 si\u0119 tu tak\u017ce przedmioty codziennego u\u017cytku zwi\u0105zane z pieczeniem chleba (dzie\u017ca, kopa\u0144ki do wyrabiania ciasta, s\u0142omianki, \u0142opata, na kt\u00f3rej wsadzano bochenki do pieca). Zgromadzono tak\u017ce przedmioty, kt\u00f3rymi pos\u0142ugiwa\u0142y si\u0119 kobiety: \u017celazka na dusz\u0119 i na \u017car, tary do prania (drewniane i metalowe), ko\u0142owrotki, maglownice, prasa do wyciskania sera, kierzanka. W izbie znajduj\u0105 przedmioty u\u017cywane w gospodarstwach: sierpy, cepy, chom\u0105to, no\u017cyce do obcinania owiec, siekacz do burak\u00f3w, kosze wiklinowe, ul zwany k\u00f3szk\u0105 lub bezdenkiem, dymarka do okurzania pszcz\u00f3\u0142, lampy naftowe, beczka. W zbiorach mamy tak\u017ce szmaciane chodniki, pasiaki, elementy stroj\u00f3w ludowych, paj\u0105ki, klapoki \u2013 wycinanki charakterystyczne dla regionu, bibu\u0142kowe kwiaty na bie\u017c\u0105co wykonywane przez opiekuna izby. Znale\u017a\u0107 mo\u017cna tu tak\u017ce przedmioty zwi\u0105zane ze zwyczajami ludowymi (wie\u0144ce do\u017cynkowe, palmy wielkanocne, kogucika na w\u00f3zku), dawne zabawki dla dzieci i stary sprz\u0119t elektroniczny.<\/p>\n\n\n\n<p>W izbie odbywaj\u0105 si\u0119 zaj\u0119cia zwi\u0105zane z poznawaniem historii wsi. Uczniowie w praktyczny spos\u00f3b dowiaduj\u0105 si\u0119, do czego s\u0142u\u017cy\u0142y przedmioty zgromadzone w izbie, dzi\u0119ki niej mog\u0105 odbywa\u0107 w\u0119dr\u00f3wki w przesz\u0142o\u015b\u0107. Dla najm\u0142odszych dzieci stworzona zosta\u0142a tak\u017ce kolorowanka, aby koloruj\u0105c i ucz\u0105c si\u0119 kr\u00f3tkich wierszyk\u00f3w mog\u0142y lepiej pozna\u0107 sw\u00f3j region i swoj\u0105 ojczyzn\u0119 \u2013 Polsk\u0119.<\/p>\n\n\n\n<p>p. Teresa Rzepecka<\/p>\n\n\n\n<figure class=\"wp-block-gallery has-nested-images columns-default is-cropped wp-block-gallery-1 is-layout-flex wp-block-gallery-is-layout-flex\">\n<figure class=\"wp-block-image size-large\"><a href=\"https:\/\/sp-czermno.edu.pl\/?attachment_id=122\"><img loading=\"lazy\" decoding=\"async\" width=\"1024\" height=\"768\" data-id=\"122\" src=\"https:\/\/sp-czermno.edu.pl\/wp-content\/uploads\/2024\/03\/1-ir.jpg\" alt=\"\" class=\"wp-image-122\" srcset=\"http:\/\/sp-czermno.edu.pl\/wp-content\/uploads\/2024\/03\/1-ir.jpg 1024w, http:\/\/sp-czermno.edu.pl\/wp-content\/uploads\/2024\/03\/1-ir-300x225.jpg 300w, http:\/\/sp-czermno.edu.pl\/wp-content\/uploads\/2024\/03\/1-ir-768x576.jpg 768w\" sizes=\"auto, (max-width: 1024px) 100vw, 1024px\" \/><\/a><\/figure>\n\n\n\n<figure class=\"wp-block-image size-large\"><a href=\"https:\/\/sp-czermno.edu.pl\/?attachment_id=123\"><img loading=\"lazy\" decoding=\"async\" width=\"1024\" height=\"768\" data-id=\"123\" src=\"https:\/\/sp-czermno.edu.pl\/wp-content\/uploads\/2024\/03\/2-ir.jpg\" alt=\"\" class=\"wp-image-123\" srcset=\"http:\/\/sp-czermno.edu.pl\/wp-content\/uploads\/2024\/03\/2-ir.jpg 1024w, http:\/\/sp-czermno.edu.pl\/wp-content\/uploads\/2024\/03\/2-ir-300x225.jpg 300w, http:\/\/sp-czermno.edu.pl\/wp-content\/uploads\/2024\/03\/2-ir-768x576.jpg 768w\" sizes=\"auto, (max-width: 1024px) 100vw, 1024px\" \/><\/a><\/figure>\n\n\n\n<figure class=\"wp-block-image size-large\"><a href=\"https:\/\/sp-czermno.edu.pl\/?attachment_id=124\"><img loading=\"lazy\" decoding=\"async\" width=\"1024\" height=\"768\" data-id=\"124\" src=\"https:\/\/sp-czermno.edu.pl\/wp-content\/uploads\/2024\/03\/3-ir.jpg\" alt=\"\" class=\"wp-image-124\" srcset=\"http:\/\/sp-czermno.edu.pl\/wp-content\/uploads\/2024\/03\/3-ir.jpg 1024w, http:\/\/sp-czermno.edu.pl\/wp-content\/uploads\/2024\/03\/3-ir-300x225.jpg 300w, http:\/\/sp-czermno.edu.pl\/wp-content\/uploads\/2024\/03\/3-ir-768x576.jpg 768w\" sizes=\"auto, (max-width: 1024px) 100vw, 1024px\" \/><\/a><\/figure>\n\n\n\n<figure class=\"wp-block-image size-large\"><a href=\"https:\/\/sp-czermno.edu.pl\/?attachment_id=125\"><img loading=\"lazy\" decoding=\"async\" width=\"1024\" height=\"768\" data-id=\"125\" src=\"https:\/\/sp-czermno.edu.pl\/wp-content\/uploads\/2024\/03\/4-ir.jpg\" alt=\"\" class=\"wp-image-125\" srcset=\"http:\/\/sp-czermno.edu.pl\/wp-content\/uploads\/2024\/03\/4-ir.jpg 1024w, http:\/\/sp-czermno.edu.pl\/wp-content\/uploads\/2024\/03\/4-ir-300x225.jpg 300w, http:\/\/sp-czermno.edu.pl\/wp-content\/uploads\/2024\/03\/4-ir-768x576.jpg 768w\" sizes=\"auto, (max-width: 1024px) 100vw, 1024px\" \/><\/a><\/figure>\n\n\n\n<figure class=\"wp-block-image size-large\"><a href=\"https:\/\/sp-czermno.edu.pl\/?attachment_id=126\"><img loading=\"lazy\" decoding=\"async\" width=\"1024\" height=\"768\" data-id=\"126\" src=\"https:\/\/sp-czermno.edu.pl\/wp-content\/uploads\/2024\/03\/5-ir.jpg\" alt=\"\" class=\"wp-image-126\" srcset=\"http:\/\/sp-czermno.edu.pl\/wp-content\/uploads\/2024\/03\/5-ir.jpg 1024w, http:\/\/sp-czermno.edu.pl\/wp-content\/uploads\/2024\/03\/5-ir-300x225.jpg 300w, http:\/\/sp-czermno.edu.pl\/wp-content\/uploads\/2024\/03\/5-ir-768x576.jpg 768w\" sizes=\"auto, (max-width: 1024px) 100vw, 1024px\" \/><\/a><\/figure>\n\n\n\n<figure class=\"wp-block-image size-large\"><a href=\"https:\/\/sp-czermno.edu.pl\/?attachment_id=127\"><img loading=\"lazy\" decoding=\"async\" width=\"1024\" height=\"768\" data-id=\"127\" src=\"https:\/\/sp-czermno.edu.pl\/wp-content\/uploads\/2024\/03\/6-ir.jpg\" alt=\"\" class=\"wp-image-127\" srcset=\"http:\/\/sp-czermno.edu.pl\/wp-content\/uploads\/2024\/03\/6-ir.jpg 1024w, http:\/\/sp-czermno.edu.pl\/wp-content\/uploads\/2024\/03\/6-ir-300x225.jpg 300w, http:\/\/sp-czermno.edu.pl\/wp-content\/uploads\/2024\/03\/6-ir-768x576.jpg 768w\" sizes=\"auto, (max-width: 1024px) 100vw, 1024px\" \/><\/a><\/figure>\n\n\n\n<figure class=\"wp-block-image size-large\"><a href=\"https:\/\/sp-czermno.edu.pl\/?attachment_id=128\"><img loading=\"lazy\" decoding=\"async\" width=\"1024\" height=\"768\" data-id=\"128\" src=\"https:\/\/sp-czermno.edu.pl\/wp-content\/uploads\/2024\/03\/7-ir.jpg\" alt=\"\" class=\"wp-image-128\" srcset=\"http:\/\/sp-czermno.edu.pl\/wp-content\/uploads\/2024\/03\/7-ir.jpg 1024w, http:\/\/sp-czermno.edu.pl\/wp-content\/uploads\/2024\/03\/7-ir-300x225.jpg 300w, http:\/\/sp-czermno.edu.pl\/wp-content\/uploads\/2024\/03\/7-ir-768x576.jpg 768w\" sizes=\"auto, (max-width: 1024px) 100vw, 1024px\" \/><\/a><\/figure>\n\n\n\n<figure class=\"wp-block-image size-large\"><a href=\"https:\/\/sp-czermno.edu.pl\/?attachment_id=129\"><img loading=\"lazy\" decoding=\"async\" width=\"1024\" height=\"768\" data-id=\"129\" src=\"https:\/\/sp-czermno.edu.pl\/wp-content\/uploads\/2024\/03\/8-ir.jpg\" alt=\"\" class=\"wp-image-129\" srcset=\"http:\/\/sp-czermno.edu.pl\/wp-content\/uploads\/2024\/03\/8-ir.jpg 1024w, http:\/\/sp-czermno.edu.pl\/wp-content\/uploads\/2024\/03\/8-ir-300x225.jpg 300w, http:\/\/sp-czermno.edu.pl\/wp-content\/uploads\/2024\/03\/8-ir-768x576.jpg 768w\" sizes=\"auto, (max-width: 1024px) 100vw, 1024px\" \/><\/a><\/figure>\n\n\n\n<figure class=\"wp-block-image size-large\"><a href=\"https:\/\/sp-czermno.edu.pl\/?attachment_id=130\"><img loading=\"lazy\" decoding=\"async\" width=\"1024\" height=\"768\" data-id=\"130\" src=\"https:\/\/sp-czermno.edu.pl\/wp-content\/uploads\/2024\/03\/9-ir.jpg\" alt=\"\" class=\"wp-image-130\" srcset=\"http:\/\/sp-czermno.edu.pl\/wp-content\/uploads\/2024\/03\/9-ir.jpg 1024w, http:\/\/sp-czermno.edu.pl\/wp-content\/uploads\/2024\/03\/9-ir-300x225.jpg 300w, http:\/\/sp-czermno.edu.pl\/wp-content\/uploads\/2024\/03\/9-ir-768x576.jpg 768w\" sizes=\"auto, (max-width: 1024px) 100vw, 1024px\" \/><\/a><\/figure>\n\n\n\n<figure class=\"wp-block-image size-large\"><a href=\"https:\/\/sp-czermno.edu.pl\/?attachment_id=131\"><img loading=\"lazy\" decoding=\"async\" width=\"1024\" height=\"768\" data-id=\"131\" src=\"https:\/\/sp-czermno.edu.pl\/wp-content\/uploads\/2024\/03\/10-ir.jpg\" alt=\"\" class=\"wp-image-131\" srcset=\"http:\/\/sp-czermno.edu.pl\/wp-content\/uploads\/2024\/03\/10-ir.jpg 1024w, http:\/\/sp-czermno.edu.pl\/wp-content\/uploads\/2024\/03\/10-ir-300x225.jpg 300w, http:\/\/sp-czermno.edu.pl\/wp-content\/uploads\/2024\/03\/10-ir-768x576.jpg 768w\" sizes=\"auto, (max-width: 1024px) 100vw, 1024px\" \/><\/a><\/figure>\n\n\n\n<figure class=\"wp-block-image size-large\"><a href=\"https:\/\/sp-czermno.edu.pl\/?attachment_id=132\"><img loading=\"lazy\" decoding=\"async\" width=\"1024\" height=\"768\" data-id=\"132\" src=\"https:\/\/sp-czermno.edu.pl\/wp-content\/uploads\/2024\/03\/11-ir.jpg\" alt=\"\" class=\"wp-image-132\" srcset=\"http:\/\/sp-czermno.edu.pl\/wp-content\/uploads\/2024\/03\/11-ir.jpg 1024w, http:\/\/sp-czermno.edu.pl\/wp-content\/uploads\/2024\/03\/11-ir-300x225.jpg 300w, http:\/\/sp-czermno.edu.pl\/wp-content\/uploads\/2024\/03\/11-ir-768x576.jpg 768w\" sizes=\"auto, (max-width: 1024px) 100vw, 1024px\" \/><\/a><\/figure>\n\n\n\n<figure class=\"wp-block-image size-large\"><a href=\"https:\/\/sp-czermno.edu.pl\/?attachment_id=133\"><img loading=\"lazy\" decoding=\"async\" width=\"1024\" height=\"768\" data-id=\"133\" src=\"https:\/\/sp-czermno.edu.pl\/wp-content\/uploads\/2024\/03\/12-ir.jpg\" alt=\"\" class=\"wp-image-133\" srcset=\"http:\/\/sp-czermno.edu.pl\/wp-content\/uploads\/2024\/03\/12-ir.jpg 1024w, http:\/\/sp-czermno.edu.pl\/wp-content\/uploads\/2024\/03\/12-ir-300x225.jpg 300w, http:\/\/sp-czermno.edu.pl\/wp-content\/uploads\/2024\/03\/12-ir-768x576.jpg 768w\" sizes=\"auto, (max-width: 1024px) 100vw, 1024px\" \/><\/a><\/figure>\n\n\n\n<figure class=\"wp-block-image size-large\"><a href=\"https:\/\/sp-czermno.edu.pl\/?attachment_id=134\"><img loading=\"lazy\" decoding=\"async\" width=\"1024\" height=\"768\" data-id=\"134\" src=\"https:\/\/sp-czermno.edu.pl\/wp-content\/uploads\/2024\/03\/13-ir.jpg\" alt=\"\" class=\"wp-image-134\" srcset=\"http:\/\/sp-czermno.edu.pl\/wp-content\/uploads\/2024\/03\/13-ir.jpg 1024w, http:\/\/sp-czermno.edu.pl\/wp-content\/uploads\/2024\/03\/13-ir-300x225.jpg 300w, http:\/\/sp-czermno.edu.pl\/wp-content\/uploads\/2024\/03\/13-ir-768x576.jpg 768w\" sizes=\"auto, (max-width: 1024px) 100vw, 1024px\" \/><\/a><\/figure>\n\n\n\n<figure class=\"wp-block-image size-large\"><a href=\"https:\/\/sp-czermno.edu.pl\/?attachment_id=135\"><img loading=\"lazy\" decoding=\"async\" width=\"1024\" height=\"768\" data-id=\"135\" src=\"https:\/\/sp-czermno.edu.pl\/wp-content\/uploads\/2024\/03\/14-ir.jpg\" alt=\"\" class=\"wp-image-135\" srcset=\"http:\/\/sp-czermno.edu.pl\/wp-content\/uploads\/2024\/03\/14-ir.jpg 1024w, http:\/\/sp-czermno.edu.pl\/wp-content\/uploads\/2024\/03\/14-ir-300x225.jpg 300w, http:\/\/sp-czermno.edu.pl\/wp-content\/uploads\/2024\/03\/14-ir-768x576.jpg 768w\" sizes=\"auto, (max-width: 1024px) 100vw, 1024px\" \/><\/a><\/figure>\n\n\n\n<figure class=\"wp-block-image size-large\"><a href=\"https:\/\/sp-czermno.edu.pl\/?attachment_id=136\"><img loading=\"lazy\" decoding=\"async\" width=\"1024\" height=\"768\" data-id=\"136\" src=\"https:\/\/sp-czermno.edu.pl\/wp-content\/uploads\/2024\/03\/15-ir.jpg\" alt=\"\" class=\"wp-image-136\" srcset=\"http:\/\/sp-czermno.edu.pl\/wp-content\/uploads\/2024\/03\/15-ir.jpg 1024w, http:\/\/sp-czermno.edu.pl\/wp-content\/uploads\/2024\/03\/15-ir-300x225.jpg 300w, http:\/\/sp-czermno.edu.pl\/wp-content\/uploads\/2024\/03\/15-ir-768x576.jpg 768w\" sizes=\"auto, (max-width: 1024px) 100vw, 1024px\" \/><\/a><\/figure>\n\n\n\n<figure class=\"wp-block-image size-large\"><a href=\"https:\/\/sp-czermno.edu.pl\/?attachment_id=137\"><img loading=\"lazy\" decoding=\"async\" width=\"1024\" height=\"768\" data-id=\"137\" src=\"https:\/\/sp-czermno.edu.pl\/wp-content\/uploads\/2024\/03\/16-ir.jpg\" alt=\"\" class=\"wp-image-137\" srcset=\"http:\/\/sp-czermno.edu.pl\/wp-content\/uploads\/2024\/03\/16-ir.jpg 1024w, http:\/\/sp-czermno.edu.pl\/wp-content\/uploads\/2024\/03\/16-ir-300x225.jpg 300w, http:\/\/sp-czermno.edu.pl\/wp-content\/uploads\/2024\/03\/16-ir-768x576.jpg 768w\" sizes=\"auto, (max-width: 1024px) 100vw, 1024px\" \/><\/a><\/figure>\n\n\n\n<figure class=\"wp-block-image size-large\"><a href=\"https:\/\/sp-czermno.edu.pl\/?attachment_id=138\"><img loading=\"lazy\" decoding=\"async\" width=\"1024\" height=\"768\" data-id=\"138\" src=\"https:\/\/sp-czermno.edu.pl\/wp-content\/uploads\/2024\/03\/17-ir.jpg\" alt=\"\" class=\"wp-image-138\" srcset=\"http:\/\/sp-czermno.edu.pl\/wp-content\/uploads\/2024\/03\/17-ir.jpg 1024w, http:\/\/sp-czermno.edu.pl\/wp-content\/uploads\/2024\/03\/17-ir-300x225.jpg 300w, http:\/\/sp-czermno.edu.pl\/wp-content\/uploads\/2024\/03\/17-ir-768x576.jpg 768w\" sizes=\"auto, (max-width: 1024px) 100vw, 1024px\" \/><\/a><\/figure>\n\n\n\n<figure class=\"wp-block-image size-large\"><a href=\"https:\/\/sp-czermno.edu.pl\/?attachment_id=139\"><img loading=\"lazy\" decoding=\"async\" width=\"1024\" height=\"768\" data-id=\"139\" src=\"https:\/\/sp-czermno.edu.pl\/wp-content\/uploads\/2024\/03\/18-ir.jpg\" alt=\"\" class=\"wp-image-139\" srcset=\"http:\/\/sp-czermno.edu.pl\/wp-content\/uploads\/2024\/03\/18-ir.jpg 1024w, http:\/\/sp-czermno.edu.pl\/wp-content\/uploads\/2024\/03\/18-ir-300x225.jpg 300w, http:\/\/sp-czermno.edu.pl\/wp-content\/uploads\/2024\/03\/18-ir-768x576.jpg 768w\" sizes=\"auto, (max-width: 1024px) 100vw, 1024px\" \/><\/a><\/figure>\n\n\n\n<figure class=\"wp-block-image size-large\"><a href=\"https:\/\/sp-czermno.edu.pl\/?attachment_id=140\"><img loading=\"lazy\" decoding=\"async\" width=\"1024\" height=\"768\" data-id=\"140\" src=\"https:\/\/sp-czermno.edu.pl\/wp-content\/uploads\/2024\/03\/19-ir.jpg\" alt=\"\" class=\"wp-image-140\" srcset=\"http:\/\/sp-czermno.edu.pl\/wp-content\/uploads\/2024\/03\/19-ir.jpg 1024w, http:\/\/sp-czermno.edu.pl\/wp-content\/uploads\/2024\/03\/19-ir-300x225.jpg 300w, http:\/\/sp-czermno.edu.pl\/wp-content\/uploads\/2024\/03\/19-ir-768x576.jpg 768w\" sizes=\"auto, (max-width: 1024px) 100vw, 1024px\" \/><\/a><\/figure>\n\n\n\n<figure class=\"wp-block-image size-large\"><a href=\"https:\/\/sp-czermno.edu.pl\/?attachment_id=141\"><img loading=\"lazy\" decoding=\"async\" width=\"1024\" height=\"768\" data-id=\"141\" src=\"https:\/\/sp-czermno.edu.pl\/wp-content\/uploads\/2024\/03\/20-ir.jpg\" alt=\"\" class=\"wp-image-141\" srcset=\"http:\/\/sp-czermno.edu.pl\/wp-content\/uploads\/2024\/03\/20-ir.jpg 1024w, http:\/\/sp-czermno.edu.pl\/wp-content\/uploads\/2024\/03\/20-ir-300x225.jpg 300w, http:\/\/sp-czermno.edu.pl\/wp-content\/uploads\/2024\/03\/20-ir-768x576.jpg 768w\" sizes=\"auto, (max-width: 1024px) 100vw, 1024px\" \/><\/a><\/figure>\n\n\n\n<figure class=\"wp-block-image size-large\"><a href=\"https:\/\/sp-czermno.edu.pl\/?attachment_id=142\"><img loading=\"lazy\" decoding=\"async\" width=\"1024\" height=\"768\" data-id=\"142\" src=\"https:\/\/sp-czermno.edu.pl\/wp-content\/uploads\/2024\/03\/21-ir.jpg\" alt=\"\" class=\"wp-image-142\" srcset=\"http:\/\/sp-czermno.edu.pl\/wp-content\/uploads\/2024\/03\/21-ir.jpg 1024w, http:\/\/sp-czermno.edu.pl\/wp-content\/uploads\/2024\/03\/21-ir-300x225.jpg 300w, http:\/\/sp-czermno.edu.pl\/wp-content\/uploads\/2024\/03\/21-ir-768x576.jpg 768w\" sizes=\"auto, (max-width: 1024px) 100vw, 1024px\" \/><\/a><\/figure>\n\n\n\n<figure class=\"wp-block-image size-large\"><a href=\"https:\/\/sp-czermno.edu.pl\/?attachment_id=143\"><img loading=\"lazy\" decoding=\"async\" width=\"1024\" height=\"768\" data-id=\"143\" src=\"https:\/\/sp-czermno.edu.pl\/wp-content\/uploads\/2024\/03\/22-ir.jpg\" alt=\"\" class=\"wp-image-143\" srcset=\"http:\/\/sp-czermno.edu.pl\/wp-content\/uploads\/2024\/03\/22-ir.jpg 1024w, http:\/\/sp-czermno.edu.pl\/wp-content\/uploads\/2024\/03\/22-ir-300x225.jpg 300w, http:\/\/sp-czermno.edu.pl\/wp-content\/uploads\/2024\/03\/22-ir-768x576.jpg 768w\" sizes=\"auto, (max-width: 1024px) 100vw, 1024px\" \/><\/a><\/figure>\n\n\n\n<figure class=\"wp-block-image size-large\"><a href=\"https:\/\/sp-czermno.edu.pl\/?attachment_id=144\"><img loading=\"lazy\" decoding=\"async\" width=\"1024\" height=\"768\" data-id=\"144\" src=\"https:\/\/sp-czermno.edu.pl\/wp-content\/uploads\/2024\/03\/23-ir.jpg\" alt=\"\" class=\"wp-image-144\" srcset=\"http:\/\/sp-czermno.edu.pl\/wp-content\/uploads\/2024\/03\/23-ir.jpg 1024w, http:\/\/sp-czermno.edu.pl\/wp-content\/uploads\/2024\/03\/23-ir-300x225.jpg 300w, http:\/\/sp-czermno.edu.pl\/wp-content\/uploads\/2024\/03\/23-ir-768x576.jpg 768w\" sizes=\"auto, (max-width: 1024px) 100vw, 1024px\" \/><\/a><\/figure>\n\n\n\n<figure class=\"wp-block-image size-large\"><a href=\"https:\/\/sp-czermno.edu.pl\/?attachment_id=145\"><img loading=\"lazy\" decoding=\"async\" width=\"1024\" height=\"768\" data-id=\"145\" src=\"https:\/\/sp-czermno.edu.pl\/wp-content\/uploads\/2024\/03\/24-ir.jpg\" alt=\"\" class=\"wp-image-145\" srcset=\"http:\/\/sp-czermno.edu.pl\/wp-content\/uploads\/2024\/03\/24-ir.jpg 1024w, http:\/\/sp-czermno.edu.pl\/wp-content\/uploads\/2024\/03\/24-ir-300x225.jpg 300w, http:\/\/sp-czermno.edu.pl\/wp-content\/uploads\/2024\/03\/24-ir-768x576.jpg 768w\" sizes=\"auto, (max-width: 1024px) 100vw, 1024px\" \/><\/a><\/figure>\n\n\n\n<figure class=\"wp-block-image size-large\"><a href=\"https:\/\/sp-czermno.edu.pl\/?attachment_id=146\"><img loading=\"lazy\" decoding=\"async\" width=\"1024\" height=\"768\" data-id=\"146\" src=\"https:\/\/sp-czermno.edu.pl\/wp-content\/uploads\/2024\/03\/25-ir.jpg\" alt=\"\" class=\"wp-image-146\" srcset=\"http:\/\/sp-czermno.edu.pl\/wp-content\/uploads\/2024\/03\/25-ir.jpg 1024w, http:\/\/sp-czermno.edu.pl\/wp-content\/uploads\/2024\/03\/25-ir-300x225.jpg 300w, http:\/\/sp-czermno.edu.pl\/wp-content\/uploads\/2024\/03\/25-ir-768x576.jpg 768w\" sizes=\"auto, (max-width: 1024px) 100vw, 1024px\" \/><\/a><\/figure>\n<\/figure>\n","protected":false},"excerpt":{"rendered":"<p>Celem edukacji regionalnej w procesie dydaktyczno \u2013 wychowawczym jest ukszta\u0142towanie w uczniach poczucia w\u0142asnej to\u017csamo\u015bci. Ju\u017c Piotr Skarga pisa\u0142: Kto nie zna historii swojego kraju, swego miasta i wioski, to jakby, swego ojca i matki nie zna\u0142. Uczniowie naszej szko\u0142y &hellip; <\/p>\n","protected":false},"author":1,"featured_media":0,"parent":17,"menu_order":5,"comment_status":"closed","ping_status":"closed","template":"","meta":{"footnotes":""},"class_list":["post-103","page","type-page","status-publish","hentry"],"_links":{"self":[{"href":"http:\/\/sp-czermno.edu.pl\/index.php?rest_route=\/wp\/v2\/pages\/103","targetHints":{"allow":["GET"]}}],"collection":[{"href":"http:\/\/sp-czermno.edu.pl\/index.php?rest_route=\/wp\/v2\/pages"}],"about":[{"href":"http:\/\/sp-czermno.edu.pl\/index.php?rest_route=\/wp\/v2\/types\/page"}],"author":[{"embeddable":true,"href":"http:\/\/sp-czermno.edu.pl\/index.php?rest_route=\/wp\/v2\/users\/1"}],"replies":[{"embeddable":true,"href":"http:\/\/sp-czermno.edu.pl\/index.php?rest_route=%2Fwp%2Fv2%2Fcomments&post=103"}],"version-history":[{"count":6,"href":"http:\/\/sp-czermno.edu.pl\/index.php?rest_route=\/wp\/v2\/pages\/103\/revisions"}],"predecessor-version":[{"id":150,"href":"http:\/\/sp-czermno.edu.pl\/index.php?rest_route=\/wp\/v2\/pages\/103\/revisions\/150"}],"up":[{"embeddable":true,"href":"http:\/\/sp-czermno.edu.pl\/index.php?rest_route=\/wp\/v2\/pages\/17"}],"wp:attachment":[{"href":"http:\/\/sp-czermno.edu.pl\/index.php?rest_route=%2Fwp%2Fv2%2Fmedia&parent=103"}],"curies":[{"name":"wp","href":"https:\/\/api.w.org\/{rel}","templated":true}]}}