{"id":155,"date":"2024-03-06T23:10:13","date_gmt":"2024-03-06T22:10:13","guid":{"rendered":"https:\/\/sp-czermno.edu.pl\/?page_id=155"},"modified":"2024-03-07T23:50:57","modified_gmt":"2024-03-07T22:50:57","slug":"oddzial-przedszkolny","status":"publish","type":"page","link":"http:\/\/sp-czermno.edu.pl\/?page_id=155","title":{"rendered":"Oddzia\u0142 przedszkolny"},"content":{"rendered":"\n<p>G\u0142\u00f3wnym celem naszego oddzia\u0142y przedszkolnego jest:<\/p>\n\n\n\n<ul class=\"wp-block-list\">\n<li>wspomaganie indywidualnego rozwoju dziecka,<\/li>\n\n\n\n<li>kszta\u0142towanie w\u0142a\u015bciwych postaw u dzieci,<\/li>\n\n\n\n<li>przygotowanie dzieci do podj\u0119cia nauki w szkole,<\/li>\n\n\n\n<li>\u015bcis\u0142a wsp\u00f3\u0142praca z rodzicami.<\/li>\n<\/ul>\n\n\n\n<p>Do oddzia\u0142u przedszkolnego ucz\u0119szczaj\u0105 dzieci w wieku od 3 do 6 lat. Oddzia\u0142 przedszkolny jest czynny od poniedzia\u0142ku do pi\u0105tku w godzinach 8:00 \u2013 13:00. Zaj\u0119cia w oddziale przedszkolnym odbywaj\u0105 si\u0119 wed\u0142ug ramowego rozk\u0142adu dnia, kt\u00f3ry dost\u0119pny jest dla rodzic\u00f3w. Dzieci 6-letnie przygotowuj\u0105 si\u0119 do nauki w szkole wed\u0142ug programu edukacji przedszkolnej. Zaj\u0119cia odbywaj\u0105 si\u0119 w du\u017cej Sali dobrze wyposa\u017conej w meble, zabawki i pomoce dydaktyczne. Przedszkolaki korzystaj\u0105 r\u00f3wnie\u017c z Sali do \u0107wicze\u0144 \u2013 Sali zabaw oraz planu zabaw. Nauka odbywa si\u0119 g\u0142\u00f3wnie przez zabaw\u0119. Dzieci z oddzia\u0142u przedszkolnego s\u0105 obj\u0119te pomoc\u0105 psychologiczno \u2013 pedagogiczn\u0105. W ramach tej pomocy korzystaj\u0105 z zaj\u0119\u0107 dodatkowych \u2013 zaj\u0119\u0107 logopedycznych. Dzieci z oddzia\u0142u przedszkolnego ch\u0119tnie bior\u0105 udzia\u0142 w uroczysto\u015bciach szkolnych i \u015brodowiskowych, konkursach, wyjazdach do kina i teatru. Uczestnicz\u0105 r\u00f3wnie\u017c w warsztatach organizowanych w szkole. Dzieci lubi\u0105 przychodzi\u0107 do oddzia\u0142u przedszkolnego, ucz\u0105 si\u0119 empatii, ch\u0119tnie pomagaj\u0105 sobie w codziennych sytuacjach. W mi\u0142ej i przyjaznej atmosferze rozwijaj\u0105 swoje zdolno\u015bci i zainteresowania. Praca w oddziale przedszkolnym odbywa si\u0119 w \u015bcis\u0142ej wsp\u00f3\u0142pracy z rodzicami.<\/p>\n\n\n\n<figure class=\"wp-block-gallery has-nested-images columns-default is-cropped wp-block-gallery-1 is-layout-flex wp-block-gallery-is-layout-flex\">\n<figure class=\"wp-block-image size-large\"><a href=\"https:\/\/sp-czermno.edu.pl\/?attachment_id=170\"><img loading=\"lazy\" decoding=\"async\" width=\"720\" height=\"960\" data-id=\"170\" src=\"https:\/\/sp-czermno.edu.pl\/wp-content\/uploads\/2024\/03\/Oddzial-przedszkolny-2.jpg\" alt=\"\" class=\"wp-image-170\" srcset=\"http:\/\/sp-czermno.edu.pl\/wp-content\/uploads\/2024\/03\/Oddzial-przedszkolny-2.jpg 720w, http:\/\/sp-czermno.edu.pl\/wp-content\/uploads\/2024\/03\/Oddzial-przedszkolny-2-225x300.jpg 225w\" sizes=\"auto, (max-width: 720px) 100vw, 720px\" \/><\/a><\/figure>\n\n\n\n<figure class=\"wp-block-image size-large\"><a href=\"https:\/\/sp-czermno.edu.pl\/?attachment_id=172\"><img loading=\"lazy\" decoding=\"async\" width=\"720\" height=\"960\" data-id=\"172\" src=\"https:\/\/sp-czermno.edu.pl\/wp-content\/uploads\/2024\/03\/Oddzial-przedszkolny-4.jpg\" alt=\"\" class=\"wp-image-172\" srcset=\"http:\/\/sp-czermno.edu.pl\/wp-content\/uploads\/2024\/03\/Oddzial-przedszkolny-4.jpg 720w, http:\/\/sp-czermno.edu.pl\/wp-content\/uploads\/2024\/03\/Oddzial-przedszkolny-4-225x300.jpg 225w\" sizes=\"auto, (max-width: 720px) 100vw, 720px\" \/><\/a><\/figure>\n\n\n\n<figure class=\"wp-block-image size-large\"><a href=\"https:\/\/sp-czermno.edu.pl\/?attachment_id=171\"><img loading=\"lazy\" decoding=\"async\" width=\"1024\" height=\"768\" data-id=\"171\" src=\"https:\/\/sp-czermno.edu.pl\/wp-content\/uploads\/2024\/03\/Oddzial-przedszkolny-3-1024x768.jpg\" alt=\"\" class=\"wp-image-171\" srcset=\"http:\/\/sp-czermno.edu.pl\/wp-content\/uploads\/2024\/03\/Oddzial-przedszkolny-3-1024x768.jpg 1024w, http:\/\/sp-czermno.edu.pl\/wp-content\/uploads\/2024\/03\/Oddzial-przedszkolny-3-300x225.jpg 300w, http:\/\/sp-czermno.edu.pl\/wp-content\/uploads\/2024\/03\/Oddzial-przedszkolny-3-768x576.jpg 768w, http:\/\/sp-czermno.edu.pl\/wp-content\/uploads\/2024\/03\/Oddzial-przedszkolny-3-1536x1152.jpg 1536w, http:\/\/sp-czermno.edu.pl\/wp-content\/uploads\/2024\/03\/Oddzial-przedszkolny-3.jpg 1560w\" sizes=\"auto, (max-width: 1024px) 100vw, 1024px\" \/><\/a><\/figure>\n\n\n\n<figure class=\"wp-block-image size-large\"><a href=\"https:\/\/sp-czermno.edu.pl\/?attachment_id=169\"><img loading=\"lazy\" decoding=\"async\" width=\"768\" height=\"1024\" data-id=\"169\" src=\"https:\/\/sp-czermno.edu.pl\/wp-content\/uploads\/2024\/03\/Oddzial-przedszkolny-1-768x1024.jpg\" alt=\"\" class=\"wp-image-169\" srcset=\"http:\/\/sp-czermno.edu.pl\/wp-content\/uploads\/2024\/03\/Oddzial-przedszkolny-1-768x1024.jpg 768w, http:\/\/sp-czermno.edu.pl\/wp-content\/uploads\/2024\/03\/Oddzial-przedszkolny-1-225x300.jpg 225w, http:\/\/sp-czermno.edu.pl\/wp-content\/uploads\/2024\/03\/Oddzial-przedszkolny-1-1152x1536.jpg 1152w, http:\/\/sp-czermno.edu.pl\/wp-content\/uploads\/2024\/03\/Oddzial-przedszkolny-1.jpg 1170w\" sizes=\"auto, (max-width: 768px) 100vw, 768px\" \/><\/a><\/figure>\n<\/figure>\n","protected":false},"excerpt":{"rendered":"<p>G\u0142\u00f3wnym celem naszego oddzia\u0142y przedszkolnego jest: Do oddzia\u0142u przedszkolnego ucz\u0119szczaj\u0105 dzieci w wieku od 3 do 6 lat. Oddzia\u0142 przedszkolny jest czynny od poniedzia\u0142ku do pi\u0105tku w godzinach 8:00 \u2013 13:00. Zaj\u0119cia w oddziale przedszkolnym odbywaj\u0105 si\u0119 wed\u0142ug ramowego rozk\u0142adu &hellip; <\/p>\n","protected":false},"author":1,"featured_media":0,"parent":17,"menu_order":9,"comment_status":"closed","ping_status":"closed","template":"","meta":{"footnotes":""},"class_list":["post-155","page","type-page","status-publish","hentry"],"_links":{"self":[{"href":"http:\/\/sp-czermno.edu.pl\/index.php?rest_route=\/wp\/v2\/pages\/155","targetHints":{"allow":["GET"]}}],"collection":[{"href":"http:\/\/sp-czermno.edu.pl\/index.php?rest_route=\/wp\/v2\/pages"}],"about":[{"href":"http:\/\/sp-czermno.edu.pl\/index.php?rest_route=\/wp\/v2\/types\/page"}],"author":[{"embeddable":true,"href":"http:\/\/sp-czermno.edu.pl\/index.php?rest_route=\/wp\/v2\/users\/1"}],"replies":[{"embeddable":true,"href":"http:\/\/sp-czermno.edu.pl\/index.php?rest_route=%2Fwp%2Fv2%2Fcomments&post=155"}],"version-history":[{"count":2,"href":"http:\/\/sp-czermno.edu.pl\/index.php?rest_route=\/wp\/v2\/pages\/155\/revisions"}],"predecessor-version":[{"id":173,"href":"http:\/\/sp-czermno.edu.pl\/index.php?rest_route=\/wp\/v2\/pages\/155\/revisions\/173"}],"up":[{"embeddable":true,"href":"http:\/\/sp-czermno.edu.pl\/index.php?rest_route=\/wp\/v2\/pages\/17"}],"wp:attachment":[{"href":"http:\/\/sp-czermno.edu.pl\/index.php?rest_route=%2Fwp%2Fv2%2Fmedia&parent=155"}],"curies":[{"name":"wp","href":"https:\/\/api.w.org\/{rel}","templated":true}]}}