{"id":174,"date":"2024-03-07T23:36:02","date_gmt":"2024-03-07T22:36:02","guid":{"rendered":"https:\/\/sp-czermno.edu.pl\/?page_id=174"},"modified":"2024-03-11T23:13:34","modified_gmt":"2024-03-11T22:13:34","slug":"laboratoria-przyszlosci","status":"publish","type":"page","link":"http:\/\/sp-czermno.edu.pl\/?page_id=174","title":{"rendered":"Laboratoria przysz\u0142o\u015bci"},"content":{"rendered":"\n<p>Laboratoria Przysz\u0142o\u015bci to inicjatywa edukacyjna realizowana przez Ministerstwo Edukacji i Nauki we wsp\u00f3\u0142pracy z Centrum GovTech w Kancelarii Prezesa Rady Ministr\u00f3w. Nasz\u0105 wsp\u00f3ln\u0105 misj\u0105 jest stworzenie nowoczesnej szko\u0142y, w kt\u00f3rej zaj\u0119cia b\u0119d\u0105 prowadzone w spos\u00f3b ciekawy, anga\u017cuj\u0105cy uczni\u00f3w oraz sprzyjaj\u0105cy odkrywaniu ich talent\u00f3w i rozwijaniu zainteresowa\u0144.<br>W ramach Laboratori\u00f3w Przysz\u0142o\u015bci szko\u0142a otrzyma\u0142a od pa\u0144stwa wsparcie finansowe, dzi\u0119ki kt\u00f3remu uczniowie naszej szko\u0142y b\u0119d\u0105 mogli uczy\u0107 si\u0119 poprzez eksperymentowanie i zdobywa\u0107 w ten spos\u00f3b praktyczne umiej\u0119tno\u015bci. Zakupiony sprz\u0119t pozwoli poprzez zabaw\u0119 rozwin\u0105\u0107 umiej\u0119tno\u015bci manualne i techniczne, kreatywne my\u015blenie, analizowanie danych i rozwi\u0105zywanie z\u0142o\u017conych, rzeczywistych problem\u00f3w. Szko\u0142a zosta\u0142a wyposa\u017cona w nowoczesny sprz\u0119t, kt\u00f3ry uatrakcyjni zaj\u0119cia szkolne i pozwoli uczniom rozwija\u0107 swoje zainteresowania nie tylko na lekcjach techniki, informatyki, matematyki, chemii, fizyki, biologii, przyrody, historii, geografii i w ramach innych obowi\u0105zkowych zaj\u0119\u0107 edukacyjnych, lecz tak\u017ce w ramach zaj\u0119\u0107 pozalekcyjnych, k\u00f3\u0142 zainteresowa\u0144 i innych form rozwijania umiej\u0119tno\u015bci. Uczniowie b\u0119d\u0105 mogli uczy\u0107 si\u0119 pracy zespo\u0142owej, dobrej organizacji i dbania o porz\u0105dek na stanowisku pracy oraz radzenia sobie w \u017cyciu codziennym.<\/p>\n","protected":false},"excerpt":{"rendered":"<p>Laboratoria Przysz\u0142o\u015bci to inicjatywa edukacyjna realizowana przez Ministerstwo Edukacji i Nauki we wsp\u00f3\u0142pracy z Centrum GovTech w Kancelarii Prezesa Rady Ministr\u00f3w. Nasz\u0105 wsp\u00f3ln\u0105 misj\u0105 jest stworzenie nowoczesnej szko\u0142y, w kt\u00f3rej zaj\u0119cia b\u0119d\u0105 prowadzone w spos\u00f3b ciekawy, anga\u017cuj\u0105cy uczni\u00f3w oraz sprzyjaj\u0105cy &hellip; <\/p>\n","protected":false},"author":1,"featured_media":0,"parent":17,"menu_order":8,"comment_status":"closed","ping_status":"closed","template":"","meta":{"footnotes":""},"class_list":["post-174","page","type-page","status-publish","hentry"],"_links":{"self":[{"href":"http:\/\/sp-czermno.edu.pl\/index.php?rest_route=\/wp\/v2\/pages\/174","targetHints":{"allow":["GET"]}}],"collection":[{"href":"http:\/\/sp-czermno.edu.pl\/index.php?rest_route=\/wp\/v2\/pages"}],"about":[{"href":"http:\/\/sp-czermno.edu.pl\/index.php?rest_route=\/wp\/v2\/types\/page"}],"author":[{"embeddable":true,"href":"http:\/\/sp-czermno.edu.pl\/index.php?rest_route=\/wp\/v2\/users\/1"}],"replies":[{"embeddable":true,"href":"http:\/\/sp-czermno.edu.pl\/index.php?rest_route=%2Fwp%2Fv2%2Fcomments&post=174"}],"version-history":[{"count":2,"href":"http:\/\/sp-czermno.edu.pl\/index.php?rest_route=\/wp\/v2\/pages\/174\/revisions"}],"predecessor-version":[{"id":246,"href":"http:\/\/sp-czermno.edu.pl\/index.php?rest_route=\/wp\/v2\/pages\/174\/revisions\/246"}],"up":[{"embeddable":true,"href":"http:\/\/sp-czermno.edu.pl\/index.php?rest_route=\/wp\/v2\/pages\/17"}],"wp:attachment":[{"href":"http:\/\/sp-czermno.edu.pl\/index.php?rest_route=%2Fwp%2Fv2%2Fmedia&parent=174"}],"curies":[{"name":"wp","href":"https:\/\/api.w.org\/{rel}","templated":true}]}}