{"id":27,"date":"2024-02-24T14:10:15","date_gmt":"2024-02-24T13:10:15","guid":{"rendered":"https:\/\/sp-czermno.edu.pl\/?page_id=27"},"modified":"2024-11-15T09:18:52","modified_gmt":"2024-11-15T08:18:52","slug":"kontakt","status":"publish","type":"page","link":"http:\/\/sp-czermno.edu.pl\/?page_id=27","title":{"rendered":"Kontakt"},"content":{"rendered":"\n<p class=\"has-text-align-center\"><strong>Szko\u0142a Podstawowa im. W\u0142adys\u0142awa Stanis\u0142awa Reymonta w Czermnie<\/strong><\/p>\n\n\n\n<p class=\"has-text-align-center\">Czermno 52, 09-530 G\u0105bin<br>Tel.\/Fax. 24 277 14 02<br>E-mail szko\u0142y: szkola@sp-czermno.edu.pl<\/p>\n\n\n\n<div style=\"height:15px\" aria-hidden=\"true\" class=\"wp-block-spacer\"><\/div>\n\n\n\n<iframe src=\"https:\/\/www.google.com\/maps\/embed?pb=!1m18!1m12!1m3!1d2434.1767102212175!2d19.79942746621494!3d52.40347350445164!2m3!1f0!2f0!3f0!3m2!1i1024!2i768!4f13.1!3m3!1m2!1s0x471b8a844f526d19%3A0x454324f913d27fba!2sCzermno%2052%2C%2009-530!5e0!3m2!1spl!2spl!4v1709852631166!5m2!1spl!2spl\" width=\"400\" height=\"400\" style=\"border:0;\" allowfullscreen=\"\" loading=\"lazy\" referrerpolicy=\"no-referrer-when-downgrade\"><\/iframe>\n","protected":false},"excerpt":{"rendered":"<p>Szko\u0142a Podstawowa im. W\u0142adys\u0142awa Stanis\u0142awa Reymonta w Czermnie Czermno 52, 09-530 G\u0105binTel.\/Fax. 24 277 14 02E-mail szko\u0142y: szkola@sp-czermno.edu.pl<\/p>\n","protected":false},"author":1,"featured_media":0,"parent":0,"menu_order":0,"comment_status":"closed","ping_status":"closed","template":"","meta":{"footnotes":""},"class_list":["post-27","page","type-page","status-publish","hentry"],"_links":{"self":[{"href":"http:\/\/sp-czermno.edu.pl\/index.php?rest_route=\/wp\/v2\/pages\/27","targetHints":{"allow":["GET"]}}],"collection":[{"href":"http:\/\/sp-czermno.edu.pl\/index.php?rest_route=\/wp\/v2\/pages"}],"about":[{"href":"http:\/\/sp-czermno.edu.pl\/index.php?rest_route=\/wp\/v2\/types\/page"}],"author":[{"embeddable":true,"href":"http:\/\/sp-czermno.edu.pl\/index.php?rest_route=\/wp\/v2\/users\/1"}],"replies":[{"embeddable":true,"href":"http:\/\/sp-czermno.edu.pl\/index.php?rest_route=%2Fwp%2Fv2%2Fcomments&post=27"}],"version-history":[{"count":4,"href":"http:\/\/sp-czermno.edu.pl\/index.php?rest_route=\/wp\/v2\/pages\/27\/revisions"}],"predecessor-version":[{"id":392,"href":"http:\/\/sp-czermno.edu.pl\/index.php?rest_route=\/wp\/v2\/pages\/27\/revisions\/392"}],"wp:attachment":[{"href":"http:\/\/sp-czermno.edu.pl\/index.php?rest_route=%2Fwp%2Fv2%2Fmedia&parent=27"}],"curies":[{"name":"wp","href":"https:\/\/api.w.org\/{rel}","templated":true}]}}