{"id":46,"date":"2024-02-24T14:23:02","date_gmt":"2024-02-24T13:23:02","guid":{"rendered":"https:\/\/sp-czermno.edu.pl\/?page_id=46"},"modified":"2024-03-07T00:12:28","modified_gmt":"2024-03-06T23:12:28","slug":"dyrekcja-i-rada-pedagogiczna","status":"publish","type":"page","link":"http:\/\/sp-czermno.edu.pl\/?page_id=46","title":{"rendered":"Dyrekcja i Rada Pedagogiczna"},"content":{"rendered":"\n<div style=\"height:20px\" aria-hidden=\"true\" class=\"wp-block-spacer\"><\/div>\n\n\n\n<p><strong>Dyrektor <\/strong><\/p>\n\n\n\n<p>Marzena Ledzion<\/p>\n\n\n\n<div style=\"height:30px\" aria-hidden=\"true\" class=\"wp-block-spacer\"><\/div>\n\n\n\n<p><strong>Rada Pedagogiczna<\/strong><\/p>\n\n\n\n<figure class=\"wp-block-table\"><table><tbody><tr><td>Ledzion Marzena<\/td><td>Historia, J\u0119zyk Polski<\/td><\/tr><tr><td>Bli\u017aniak Ewa<\/td><td>Matematyka, Fizyka<\/td><\/tr><tr><td>Cybart \u2013 Ko\u0142odziejczyk Emilia<\/td><td>Edukacja wczesnoszkolna<\/td><\/tr><tr><td>Gadzali\u0144ska Anna<\/td><td>Wychowanie przedszkolne, Muzyka<\/td><\/tr><tr><td>Hiszpa\u0144ski Robert<\/td><td>Wychowanie Fizyczne<\/td><\/tr><tr><td>Ka\u017amierczak Izabela<\/td><td>J\u0119zyk Angielski<\/td><\/tr><tr><td>Ks. Pietkiewicz Stanis\u0142aw<\/td><td>Religia<\/td><\/tr><tr><td>Kwiatkowska Henryka<\/td><td>Biologia<\/td><\/tr><tr><td>Mazurkiewicz Janusz Andrzej<\/td><td>Historia, Geografia, WOS<\/td><\/tr><tr><td>Olejniczak Hanna<\/td><td>Edukacja wczesnoszkolna<\/td><\/tr><tr><td>Pietruk Agnieszka<\/td><td>Przyroda, Edukacja dla bezpiecze\u0144stwa, Geografia<\/td><\/tr><tr><td>Sieci\u0144ska Ewa<\/td><td>Nauczyciel wsp\u00f3\u0142organizuj\u0105cy kszta\u0142cenie, Pedagog specjalny<\/td><\/tr><tr><td>Szulborska Barbara<\/td><td>Plastyka, Technika<\/td><\/tr><tr><td>Tadeusiak Maria<\/td><td>Religia, Informatyka, WD\u017b, Biblioteka<\/td><\/tr><tr><td>Trenka Maria<\/td><td>Edukacja wczesnoszkolna, Informatyka<\/td><\/tr><tr><td>Trzci\u0144ska Maria Sylwia<\/td><td>Chemia<\/td><\/tr><tr><td>Wierzbicka Bogumi\u0142a<\/td><td>Doradztwo zawodowe<\/td><\/tr><tr><td>Zieli\u0144ska Iwona<\/td><td>J\u0119zyk Polski, Logopedia<\/td><\/tr><tr><td>\u017babka \u2013 Przeradzka Aleksandra<\/td><td>J\u0119zyk Niemiecki<\/td><\/tr><\/tbody><\/table><\/figure>\n","protected":false},"excerpt":{"rendered":"<p>Dyrektor Marzena Ledzion Rada Pedagogiczna Ledzion Marzena Historia, J\u0119zyk Polski Bli\u017aniak Ewa Matematyka, Fizyka Cybart \u2013 Ko\u0142odziejczyk Emilia Edukacja wczesnoszkolna Gadzali\u0144ska Anna Wychowanie przedszkolne, Muzyka Hiszpa\u0144ski Robert Wychowanie Fizyczne Ka\u017amierczak Izabela J\u0119zyk Angielski Ks. Pietkiewicz Stanis\u0142aw Religia Kwiatkowska Henryka Biologia &hellip; <\/p>\n","protected":false},"author":1,"featured_media":0,"parent":17,"menu_order":4,"comment_status":"closed","ping_status":"closed","template":"","meta":{"footnotes":""},"class_list":["post-46","page","type-page","status-publish","hentry"],"_links":{"self":[{"href":"http:\/\/sp-czermno.edu.pl\/index.php?rest_route=\/wp\/v2\/pages\/46","targetHints":{"allow":["GET"]}}],"collection":[{"href":"http:\/\/sp-czermno.edu.pl\/index.php?rest_route=\/wp\/v2\/pages"}],"about":[{"href":"http:\/\/sp-czermno.edu.pl\/index.php?rest_route=\/wp\/v2\/types\/page"}],"author":[{"embeddable":true,"href":"http:\/\/sp-czermno.edu.pl\/index.php?rest_route=\/wp\/v2\/users\/1"}],"replies":[{"embeddable":true,"href":"http:\/\/sp-czermno.edu.pl\/index.php?rest_route=%2Fwp%2Fv2%2Fcomments&post=46"}],"version-history":[{"count":4,"href":"http:\/\/sp-czermno.edu.pl\/index.php?rest_route=\/wp\/v2\/pages\/46\/revisions"}],"predecessor-version":[{"id":167,"href":"http:\/\/sp-czermno.edu.pl\/index.php?rest_route=\/wp\/v2\/pages\/46\/revisions\/167"}],"up":[{"embeddable":true,"href":"http:\/\/sp-czermno.edu.pl\/index.php?rest_route=\/wp\/v2\/pages\/17"}],"wp:attachment":[{"href":"http:\/\/sp-czermno.edu.pl\/index.php?rest_route=%2Fwp%2Fv2%2Fmedia&parent=46"}],"curies":[{"name":"wp","href":"https:\/\/api.w.org\/{rel}","templated":true}]}}