{"id":151,"date":"2024-03-06T23:08:53","date_gmt":"2024-03-06T22:08:53","guid":{"rendered":"https:\/\/sp-czermno.edu.pl\/?page_id=151"},"modified":"2024-03-10T21:42:08","modified_gmt":"2024-03-10T20:42:08","slug":"szkolne-kolo-pck-i-klub-wiewiorka","status":"publish","type":"page","link":"https:\/\/sp-czermno.edu.pl\/?page_id=151","title":{"rendered":"Szkolne ko\u0142o PCK i Klub Wiewi\u00f3rka"},"content":{"rendered":"\n<p>W roku szkolnym 2023\/2024 zacz\u0105\u0142 dzia\u0142a\u0107 w naszej szkole Klub Wiewi\u00f3rka PCK. Nale\u017c\u0105 do niego dzieci z klas 0-III, a w akcjach uczestniczy ca\u0142a szko\u0142a. Opiekunem klubu jest pani Emilia Ko\u0142odziejczyk. Wszyscy uczniowie ch\u0119tnie w\u0142\u0105czaj\u0105 si\u0119 do wielu og\u00f3lnopolskich akcji: \u201e\u015awiatowy Dzie\u0144 Pierwszej Pomocy\u201d, \u201eDziel si\u0119 u\u015bmiechem\u201d, \u201e\u015awiatowy Dzie\u0144 walki z g\u0142odem\u201d, \u201eEuropejski Dzie\u0144 Przywracania czynno\u015bci Serca, \u201eGor\u0105czka z\u0142ota\u201d i wiele innych. Uczniowie wraz z rodzicami, nauczyciele i pracownicy uczestniczyli w zbi\u00f3rkach artyku\u0142\u00f3w spo\u017cywczych oraz wykonywaniu ozd\u00f3b choinkowych w ramach \u201eCzerwonokrzyskiej Gwiazdki&#8221;. Przekazali\u015bmy r\u00f3wnie\u017c kropelki krwi dla Honorowych Krwiodawc\u00f3w. Wszystkie informacje na temat dzia\u0142alno\u015bci Klubu Wiewi\u00f3rka PCK oraz tematyczne gazetki znajduj\u0105 si\u0119 na tablicy informacyjnej.<\/p>\n\n\n\n<figure class=\"wp-block-gallery has-nested-images columns-default is-cropped wp-block-gallery-1 is-layout-flex wp-block-gallery-is-layout-flex\">\n<figure class=\"wp-block-image size-large\"><a href=\"https:\/\/sp-czermno.edu.pl\/?attachment_id=192\"><img loading=\"lazy\" decoding=\"async\" width=\"1024\" height=\"771\" data-id=\"192\" src=\"https:\/\/sp-czermno.edu.pl\/wp-content\/uploads\/2024\/03\/PCK-i-Klub-Wiewiorka-3-1024x771.jpg\" alt=\"\" class=\"wp-image-192\" srcset=\"https:\/\/sp-czermno.edu.pl\/wp-content\/uploads\/2024\/03\/PCK-i-Klub-Wiewiorka-3-1024x771.jpg 1024w, https:\/\/sp-czermno.edu.pl\/wp-content\/uploads\/2024\/03\/PCK-i-Klub-Wiewiorka-3-300x226.jpg 300w, https:\/\/sp-czermno.edu.pl\/wp-content\/uploads\/2024\/03\/PCK-i-Klub-Wiewiorka-3-768x578.jpg 768w, https:\/\/sp-czermno.edu.pl\/wp-content\/uploads\/2024\/03\/PCK-i-Klub-Wiewiorka-3-1536x1157.jpg 1536w, https:\/\/sp-czermno.edu.pl\/wp-content\/uploads\/2024\/03\/PCK-i-Klub-Wiewiorka-3.jpg 2048w\" sizes=\"auto, (max-width: 1024px) 100vw, 1024px\" \/><\/a><\/figure>\n\n\n\n<figure class=\"wp-block-image size-large\"><a href=\"https:\/\/sp-czermno.edu.pl\/?attachment_id=190\"><img loading=\"lazy\" decoding=\"async\" width=\"771\" height=\"1024\" data-id=\"190\" src=\"https:\/\/sp-czermno.edu.pl\/wp-content\/uploads\/2024\/03\/PCK-i-Klub-Wiewiorka-1-771x1024.jpg\" alt=\"\" class=\"wp-image-190\" srcset=\"https:\/\/sp-czermno.edu.pl\/wp-content\/uploads\/2024\/03\/PCK-i-Klub-Wiewiorka-1-771x1024.jpg 771w, https:\/\/sp-czermno.edu.pl\/wp-content\/uploads\/2024\/03\/PCK-i-Klub-Wiewiorka-1-226x300.jpg 226w, https:\/\/sp-czermno.edu.pl\/wp-content\/uploads\/2024\/03\/PCK-i-Klub-Wiewiorka-1-768x1020.jpg 768w, https:\/\/sp-czermno.edu.pl\/wp-content\/uploads\/2024\/03\/PCK-i-Klub-Wiewiorka-1-1157x1536.jpg 1157w, https:\/\/sp-czermno.edu.pl\/wp-content\/uploads\/2024\/03\/PCK-i-Klub-Wiewiorka-1.jpg 1536w\" sizes=\"auto, (max-width: 771px) 100vw, 771px\" \/><\/a><\/figure>\n\n\n\n<figure class=\"wp-block-image size-large\"><a href=\"https:\/\/sp-czermno.edu.pl\/?attachment_id=191\"><img loading=\"lazy\" decoding=\"async\" width=\"720\" height=\"960\" data-id=\"191\" src=\"https:\/\/sp-czermno.edu.pl\/wp-content\/uploads\/2024\/03\/PCK-i-Klub-Wiewiorka-2.jpg\" alt=\"\" class=\"wp-image-191\" srcset=\"https:\/\/sp-czermno.edu.pl\/wp-content\/uploads\/2024\/03\/PCK-i-Klub-Wiewiorka-2.jpg 720w, https:\/\/sp-czermno.edu.pl\/wp-content\/uploads\/2024\/03\/PCK-i-Klub-Wiewiorka-2-225x300.jpg 225w\" sizes=\"auto, (max-width: 720px) 100vw, 720px\" \/><\/a><\/figure>\n\n\n\n<figure class=\"wp-block-image size-large\"><a href=\"https:\/\/sp-czermno.edu.pl\/?attachment_id=193\"><img loading=\"lazy\" decoding=\"async\" width=\"1024\" height=\"771\" data-id=\"193\" src=\"https:\/\/sp-czermno.edu.pl\/wp-content\/uploads\/2024\/03\/PCK-i-Klub-Wiewiorka-4-1024x771.jpg\" alt=\"\" class=\"wp-image-193\" srcset=\"https:\/\/sp-czermno.edu.pl\/wp-content\/uploads\/2024\/03\/PCK-i-Klub-Wiewiorka-4-1024x771.jpg 1024w, https:\/\/sp-czermno.edu.pl\/wp-content\/uploads\/2024\/03\/PCK-i-Klub-Wiewiorka-4-300x226.jpg 300w, https:\/\/sp-czermno.edu.pl\/wp-content\/uploads\/2024\/03\/PCK-i-Klub-Wiewiorka-4-768x578.jpg 768w, https:\/\/sp-czermno.edu.pl\/wp-content\/uploads\/2024\/03\/PCK-i-Klub-Wiewiorka-4-1536x1157.jpg 1536w, https:\/\/sp-czermno.edu.pl\/wp-content\/uploads\/2024\/03\/PCK-i-Klub-Wiewiorka-4.jpg 2048w\" sizes=\"auto, (max-width: 1024px) 100vw, 1024px\" \/><\/a><\/figure>\n\n\n\n<figure class=\"wp-block-image size-large\"><a href=\"https:\/\/sp-czermno.edu.pl\/?attachment_id=194\"><img loading=\"lazy\" decoding=\"async\" width=\"771\" height=\"1024\" data-id=\"194\" src=\"https:\/\/sp-czermno.edu.pl\/wp-content\/uploads\/2024\/03\/PCK-i-Klub-Wiewiorka-5-771x1024.jpg\" alt=\"\" class=\"wp-image-194\" srcset=\"https:\/\/sp-czermno.edu.pl\/wp-content\/uploads\/2024\/03\/PCK-i-Klub-Wiewiorka-5-771x1024.jpg 771w, https:\/\/sp-czermno.edu.pl\/wp-content\/uploads\/2024\/03\/PCK-i-Klub-Wiewiorka-5-226x300.jpg 226w, https:\/\/sp-czermno.edu.pl\/wp-content\/uploads\/2024\/03\/PCK-i-Klub-Wiewiorka-5-768x1020.jpg 768w, https:\/\/sp-czermno.edu.pl\/wp-content\/uploads\/2024\/03\/PCK-i-Klub-Wiewiorka-5-1157x1536.jpg 1157w, https:\/\/sp-czermno.edu.pl\/wp-content\/uploads\/2024\/03\/PCK-i-Klub-Wiewiorka-5.jpg 1542w\" sizes=\"auto, (max-width: 771px) 100vw, 771px\" \/><\/a><\/figure>\n\n\n\n<figure class=\"wp-block-image size-large\"><a href=\"https:\/\/sp-czermno.edu.pl\/?attachment_id=195\"><img loading=\"lazy\" decoding=\"async\" width=\"1024\" height=\"771\" data-id=\"195\" src=\"https:\/\/sp-czermno.edu.pl\/wp-content\/uploads\/2024\/03\/PCK-i-Klub-Wiewiorka-6-1024x771.jpg\" alt=\"\" class=\"wp-image-195\" srcset=\"https:\/\/sp-czermno.edu.pl\/wp-content\/uploads\/2024\/03\/PCK-i-Klub-Wiewiorka-6-1024x771.jpg 1024w, https:\/\/sp-czermno.edu.pl\/wp-content\/uploads\/2024\/03\/PCK-i-Klub-Wiewiorka-6-300x226.jpg 300w, https:\/\/sp-czermno.edu.pl\/wp-content\/uploads\/2024\/03\/PCK-i-Klub-Wiewiorka-6-768x578.jpg 768w, https:\/\/sp-czermno.edu.pl\/wp-content\/uploads\/2024\/03\/PCK-i-Klub-Wiewiorka-6-1536x1157.jpg 1536w, https:\/\/sp-czermno.edu.pl\/wp-content\/uploads\/2024\/03\/PCK-i-Klub-Wiewiorka-6.jpg 2040w\" sizes=\"auto, (max-width: 1024px) 100vw, 1024px\" \/><\/a><\/figure>\n\n\n\n<figure class=\"wp-block-image size-large\"><a href=\"https:\/\/sp-czermno.edu.pl\/?attachment_id=196\"><img loading=\"lazy\" decoding=\"async\" width=\"720\" height=\"960\" data-id=\"196\" src=\"https:\/\/sp-czermno.edu.pl\/wp-content\/uploads\/2024\/03\/PCK-i-Klub-Wiewiorka-7.jpg\" alt=\"\" class=\"wp-image-196\" srcset=\"https:\/\/sp-czermno.edu.pl\/wp-content\/uploads\/2024\/03\/PCK-i-Klub-Wiewiorka-7.jpg 720w, https:\/\/sp-czermno.edu.pl\/wp-content\/uploads\/2024\/03\/PCK-i-Klub-Wiewiorka-7-225x300.jpg 225w\" sizes=\"auto, (max-width: 720px) 100vw, 720px\" \/><\/a><\/figure>\n\n\n\n<figure class=\"wp-block-image size-large\"><a href=\"https:\/\/sp-czermno.edu.pl\/?attachment_id=197\"><img loading=\"lazy\" decoding=\"async\" width=\"771\" height=\"1024\" data-id=\"197\" src=\"https:\/\/sp-czermno.edu.pl\/wp-content\/uploads\/2024\/03\/PCK-i-Klub-Wiewiorka-8-771x1024.jpg\" alt=\"\" class=\"wp-image-197\" srcset=\"https:\/\/sp-czermno.edu.pl\/wp-content\/uploads\/2024\/03\/PCK-i-Klub-Wiewiorka-8-771x1024.jpg 771w, https:\/\/sp-czermno.edu.pl\/wp-content\/uploads\/2024\/03\/PCK-i-Klub-Wiewiorka-8-226x300.jpg 226w, https:\/\/sp-czermno.edu.pl\/wp-content\/uploads\/2024\/03\/PCK-i-Klub-Wiewiorka-8-768x1020.jpg 768w, https:\/\/sp-czermno.edu.pl\/wp-content\/uploads\/2024\/03\/PCK-i-Klub-Wiewiorka-8-1157x1536.jpg 1157w, https:\/\/sp-czermno.edu.pl\/wp-content\/uploads\/2024\/03\/PCK-i-Klub-Wiewiorka-8.jpg 1542w\" sizes=\"auto, (max-width: 771px) 100vw, 771px\" \/><\/a><\/figure>\n<\/figure>\n","protected":false},"excerpt":{"rendered":"<p>W roku szkolnym 2023\/2024 zacz\u0105\u0142 dzia\u0142a\u0107 w naszej szkole Klub Wiewi\u00f3rka PCK. Nale\u017c\u0105 do niego dzieci z klas 0-III, a w akcjach uczestniczy ca\u0142a szko\u0142a. Opiekunem klubu jest pani Emilia Ko\u0142odziejczyk. Wszyscy uczniowie ch\u0119tnie w\u0142\u0105czaj\u0105 si\u0119 do wielu og\u00f3lnopolskich akcji: &hellip; <\/p>\n","protected":false},"author":1,"featured_media":0,"parent":17,"menu_order":6,"comment_status":"closed","ping_status":"closed","template":"","meta":{"footnotes":""},"class_list":["post-151","page","type-page","status-publish","hentry"],"_links":{"self":[{"href":"https:\/\/sp-czermno.edu.pl\/index.php?rest_route=\/wp\/v2\/pages\/151","targetHints":{"allow":["GET"]}}],"collection":[{"href":"https:\/\/sp-czermno.edu.pl\/index.php?rest_route=\/wp\/v2\/pages"}],"about":[{"href":"https:\/\/sp-czermno.edu.pl\/index.php?rest_route=\/wp\/v2\/types\/page"}],"author":[{"embeddable":true,"href":"https:\/\/sp-czermno.edu.pl\/index.php?rest_route=\/wp\/v2\/users\/1"}],"replies":[{"embeddable":true,"href":"https:\/\/sp-czermno.edu.pl\/index.php?rest_route=%2Fwp%2Fv2%2Fcomments&post=151"}],"version-history":[{"count":2,"href":"https:\/\/sp-czermno.edu.pl\/index.php?rest_route=\/wp\/v2\/pages\/151\/revisions"}],"predecessor-version":[{"id":198,"href":"https:\/\/sp-czermno.edu.pl\/index.php?rest_route=\/wp\/v2\/pages\/151\/revisions\/198"}],"up":[{"embeddable":true,"href":"https:\/\/sp-czermno.edu.pl\/index.php?rest_route=\/wp\/v2\/pages\/17"}],"wp:attachment":[{"href":"https:\/\/sp-czermno.edu.pl\/index.php?rest_route=%2Fwp%2Fv2%2Fmedia&parent=151"}],"curies":[{"name":"wp","href":"https:\/\/api.w.org\/{rel}","templated":true}]}}